{"id":8,"date":"2025-07-12T16:12:25","date_gmt":"2025-07-12T16:12:25","guid":{"rendered":"https:\/\/hik.cl\/?page_id=8"},"modified":"2025-07-13T02:45:44","modified_gmt":"2025-07-13T02:45:44","slug":"inicio","status":"publish","type":"page","link":"https:\/\/hik.cl\/","title":{"rendered":"Inicio"},"content":{"rendered":"\n<div class=\"wp-block-cover alignfull is-light\" style=\"min-height:720px;aspect-ratio:unset;\"><span aria-hidden=\"true\" class=\"wp-block-cover__background has-background-dim-100 has-background-dim has-background-gradient\" style=\"background:linear-gradient(35deg,rgb(6,0,151) 0%,rgb(130,4,255) 73%,rgb(193,15,255) 100%)\"><\/span><div class=\"wp-block-cover__inner-container is-layout-flow wp-block-cover-is-layout-flow\">\n<div class=\"inherit-container-width wp-block-group alignwide is-layout-constrained wp-block-group-is-layout-constrained\">\n<div class=\"wp-block-media-text alignwide has-media-on-the-right is-stacked-on-mobile is-vertically-aligned-center\" style=\"grid-template-columns:auto 37%\"><div class=\"wp-block-media-text__content\">\n<h1 class=\"wp-block-heading has-text-align-left has-white-color has-text-color\">Seguridad en la palma de su mano!<\/h1>\n\n\n\n<p class=\"has-white-color has-text-color\"><strong>Protege lo que m\u00e1s te importa con tecnolog\u00eda confiable y atenci\u00f3n personalizada.<\/strong><\/p>\n\n\n\n<p class=\"has-white-color has-text-color\">En <strong>C\u00e1maras de Seguridad Concepci\u00f3n<\/strong>, somos expertos en sistemas de vigilancia para hogares, negocios y empresas. Ofrecemos <strong>instalaciones profesionales<\/strong>, <strong>equipos de alta calidad<\/strong> y un servicio cercano que se adapta a tus necesidades.<\/p>\n\n\n\n<div class=\"wp-block-buttons is-layout-flex wp-block-buttons-is-layout-flex\">\n<div class=\"wp-block-button\"><a class=\"wp-block-button__link wp-element-button\" href=\"https:\/\/wa.me\/56997600086\">Cotiza Con nosotros<\/a><\/div>\n<\/div>\n<\/div><figure class=\"wp-block-media-text__media\"><img loading=\"lazy\" decoding=\"async\" width=\"600\" height=\"600\" src=\"https:\/\/hik.cl\/wp-content\/uploads\/2025\/07\/2d11a2355fde86b5d15e715c7f1ab580.png\" alt=\"\" class=\"wp-image-50 size-full\" srcset=\"https:\/\/hik.cl\/wp-content\/uploads\/2025\/07\/2d11a2355fde86b5d15e715c7f1ab580.png 600w, https:\/\/hik.cl\/wp-content\/uploads\/2025\/07\/2d11a2355fde86b5d15e715c7f1ab580-300x300.png 300w, https:\/\/hik.cl\/wp-content\/uploads\/2025\/07\/2d11a2355fde86b5d15e715c7f1ab580-150x150.png 150w\" sizes=\"auto, (max-width: 600px) 100vw, 600px\" \/><\/figure><\/div>\n<\/div>\n<\/div><\/div>\n\n\n\n<div class=\"wp-block-group alignfull has-ast-global-color-5-background-color has-background is-layout-constrained wp-container-core-group-is-layout-9cedb757 wp-block-group-is-layout-constrained\" style=\"padding-bottom:0px\">\n<div class=\"wp-block-columns are-vertically-aligned-top is-layout-flex wp-container-core-columns-is-layout-00723822 wp-block-columns-is-layout-flex\">\n<div class=\"wp-block-column is-vertically-aligned-top is-layout-flow wp-container-core-column-is-layout-6b73ce23 wp-block-column-is-layout-flow\">\n<figure class=\"wp-block-image size-large\"><img decoding=\"async\" src=\"https:\/\/hik.cl\/wp-content\/themes\/astra\/inc\/assets\/images\/starter-content\/building.svg\" alt=\"\" class=\"wp-image-134\"\/><\/figure>\n\n\n\n<h3 class=\"wp-block-heading has-text-align-left\" style=\"margin-top:16px\">Empresas y Particulares<\/h3>\n\n\n\n<p class=\"has-text-align-left\">Instalamos y reparamos el sistema de video vigilancia ideal para tu hogar, parcela o negocio, con la calidad y confianza que mereces.<\/p>\n<\/div>\n\n\n\n<div class=\"wp-block-column is-vertically-aligned-top is-layout-flow wp-container-core-column-is-layout-6b73ce23 wp-block-column-is-layout-flow\">\n<figure class=\"wp-block-image size-large\"><img decoding=\"async\" src=\"https:\/\/hik.cl\/wp-content\/themes\/astra\/inc\/assets\/images\/starter-content\/shopping-bag.svg\" alt=\"\" class=\"wp-image-135\"\/><\/figure>\n\n\n\n<h3 class=\"wp-block-heading has-text-align-left\" style=\"margin-top:16px\">Valores Asequibles<\/h3>\n\n\n\n<p class=\"has-text-align-left\">Contamos con ofertas exclusivas y te ofrecemos la mejor relaci\u00f3n precio-calidad para que tu inversi\u00f3n en seguridad sea inteligente y rentable.<\/p>\n<\/div>\n\n\n\n<div class=\"wp-block-column is-vertically-aligned-top is-layout-flow wp-container-core-column-is-layout-6b73ce23 wp-block-column-is-layout-flow\">\n<figure class=\"wp-block-image size-large\"><img decoding=\"async\" src=\"https:\/\/hik.cl\/wp-content\/themes\/astra\/inc\/assets\/images\/starter-content\/blog.svg\" alt=\"\" class=\"wp-image-136\"\/><\/figure>\n\n\n\n<h3 class=\"wp-block-heading has-text-align-left\" style=\"margin-top:16px\">Respuesta Inmediata<\/h3>\n\n\n\n<p class=\"has-text-align-left\">Nos compremetemos en atender tu requerimiento de forma r\u00e1pida y eficiente, entregando la soluci\u00f3n que necesitas.<\/p>\n<\/div>\n\n\n\n<div class=\"wp-block-column is-vertically-aligned-top is-layout-flow wp-container-core-column-is-layout-6b73ce23 wp-block-column-is-layout-flow\">\n<figure class=\"wp-block-image size-large\"><img decoding=\"async\" src=\"https:\/\/hik.cl\/wp-content\/themes\/astra\/inc\/assets\/images\/starter-content\/portfolio.svg\" alt=\"\" class=\"wp-image-137\"\/><\/figure>\n\n\n\n<h3 class=\"wp-block-heading has-text-align-left\" style=\"margin-top:16px\">Satisfacci\u00f3n Garantizada<\/h3>\n\n\n\n<p class=\"has-text-align-left\">Llevamos m\u00e1s de 25 a\u00f1os protegiendo lo que mas te importa. Nuestra experiencia es tu mejor garant\u00eda.<\/p>\n<\/div>\n<\/div>\n<\/div>\n\n\n\n<div class=\"wp-block-group alignfull is-layout-constrained wp-container-core-group-is-layout-45b0ac4f wp-block-group-is-layout-constrained\" id=\"services\" style=\"padding-top:144px;padding-bottom:0px\">\n<h2 class=\"wp-block-heading\">Nuestros Servicios<\/h2>\n\n\n\n<div class=\"wp-block-columns is-layout-flex wp-container-core-columns-is-layout-60cbf9bb wp-block-columns-is-layout-flex\" style=\"margin-top:50px\">\n<div class=\"wp-block-column is-layout-flow wp-container-core-column-is-layout-6b73ce23 wp-block-column-is-layout-flow\">\n<figure class=\"wp-block-image size-full\"><img loading=\"lazy\" decoding=\"async\" width=\"1024\" height=\"1024\" src=\"https:\/\/hik.cl\/wp-content\/uploads\/2025\/07\/A79A0B88-5589-4839-9830-6B9980900FB6.png\" alt=\"\" class=\"wp-image-62\" srcset=\"https:\/\/hik.cl\/wp-content\/uploads\/2025\/07\/A79A0B88-5589-4839-9830-6B9980900FB6.png 1024w, https:\/\/hik.cl\/wp-content\/uploads\/2025\/07\/A79A0B88-5589-4839-9830-6B9980900FB6-300x300.png 300w, https:\/\/hik.cl\/wp-content\/uploads\/2025\/07\/A79A0B88-5589-4839-9830-6B9980900FB6-150x150.png 150w, https:\/\/hik.cl\/wp-content\/uploads\/2025\/07\/A79A0B88-5589-4839-9830-6B9980900FB6-768x768.png 768w\" sizes=\"auto, (max-width: 1024px) 100vw, 1024px\" \/><\/figure>\n\n\n\n<h3 class=\"wp-block-heading\" style=\"margin-top:16px\">Visita en terreno<\/h3>\n\n\n\n<p>Solicita tu visita de cortes\u00eda a trav\u00e9s de nuestro <a href=\"https:\/\/wa.me\/56997600086\">WhatsApp<\/a> y recibe una propuesta clara y detallada en menos de 48 horas.<\/p>\n<\/div>\n\n\n\n<div class=\"wp-block-column is-layout-flow wp-container-core-column-is-layout-6b73ce23 wp-block-column-is-layout-flow\">\n<figure class=\"wp-block-image size-full\"><img loading=\"lazy\" decoding=\"async\" width=\"1024\" height=\"1024\" src=\"https:\/\/hik.cl\/wp-content\/uploads\/2025\/07\/ChatGPT-Image-12-jul-2025-10_23_38-p.m.png\" alt=\"\" class=\"wp-image-64\" srcset=\"https:\/\/hik.cl\/wp-content\/uploads\/2025\/07\/ChatGPT-Image-12-jul-2025-10_23_38-p.m.png 1024w, https:\/\/hik.cl\/wp-content\/uploads\/2025\/07\/ChatGPT-Image-12-jul-2025-10_23_38-p.m-300x300.png 300w, https:\/\/hik.cl\/wp-content\/uploads\/2025\/07\/ChatGPT-Image-12-jul-2025-10_23_38-p.m-150x150.png 150w, https:\/\/hik.cl\/wp-content\/uploads\/2025\/07\/ChatGPT-Image-12-jul-2025-10_23_38-p.m-768x768.png 768w\" sizes=\"auto, (max-width: 1024px) 100vw, 1024px\" \/><\/figure>\n\n\n\n<h3 class=\"wp-block-heading\" style=\"margin-top:16px\">Cotizaci\u00f3n<\/h3>\n\n\n\n<p>Luego de la visita, te entregamos una propuesta adaptada a tu requerimiento, procurando ajustarnos a tu presupuesto.<\/p>\n<\/div>\n\n\n\n<div class=\"wp-block-column is-layout-flow wp-container-core-column-is-layout-6b73ce23 wp-block-column-is-layout-flow\">\n<figure class=\"wp-block-image size-full\"><img loading=\"lazy\" decoding=\"async\" width=\"1024\" height=\"1024\" src=\"https:\/\/hik.cl\/wp-content\/uploads\/2025\/07\/ChatGPT-Image-12-jul-2025-10_28_24-p.m.png\" alt=\"\" class=\"wp-image-65\" srcset=\"https:\/\/hik.cl\/wp-content\/uploads\/2025\/07\/ChatGPT-Image-12-jul-2025-10_28_24-p.m.png 1024w, https:\/\/hik.cl\/wp-content\/uploads\/2025\/07\/ChatGPT-Image-12-jul-2025-10_28_24-p.m-300x300.png 300w, https:\/\/hik.cl\/wp-content\/uploads\/2025\/07\/ChatGPT-Image-12-jul-2025-10_28_24-p.m-150x150.png 150w, https:\/\/hik.cl\/wp-content\/uploads\/2025\/07\/ChatGPT-Image-12-jul-2025-10_28_24-p.m-768x768.png 768w\" sizes=\"auto, (max-width: 1024px) 100vw, 1024px\" \/><\/figure>\n\n\n\n<h3 class=\"wp-block-heading\" style=\"margin-top:16px\">Respuesta r\u00e1pida<\/h3>\n\n\n\n<p>Al confirmar la cotizaci\u00f3n y las condiciones de pago, agendamos r\u00e1pidamente la puesta en marcha de tu proyecto.<\/p>\n<\/div>\n<\/div>\n<\/div>\n\n\n\n<div class=\"wp-block-group alignfull has-ast-global-color-5-background-color has-background is-layout-constrained wp-container-core-group-is-layout-94d206d0 wp-block-group-is-layout-constrained\" id=\"about\" style=\"padding-top:143px;padding-bottom:144px\">\n<div class=\"wp-block-media-text has-media-on-the-right is-stacked-on-mobile is-vertically-aligned-center\" style=\"grid-template-columns:auto 55%\"><div class=\"wp-block-media-text__content\">\n<div class=\"inherit-container-width wp-block-group is-layout-constrained wp-container-core-group-is-layout-47ce07ec wp-block-group-is-layout-constrained\" style=\"padding-right:80px\">\n<h2 class=\"wp-block-heading\" style=\"padding-right:40px\">Equipo con una amplia experiencia en el rubro<\/h2>\n\n\n\n<p>En C\u00e1maras de Seguridad Concepci\u00f3n contamos con un equipo multidisciplinario dispuesto a entregar toda nuestra experiencia para darle a usted o a su negocio una atenci\u00f3n personalizada, profesional, r\u00e1pida y eficiente a su requerimiento de seguridad.<\/p>\n<\/div>\n<\/div><figure class=\"wp-block-media-text__media\"><img loading=\"lazy\" decoding=\"async\" width=\"1024\" height=\"801\" src=\"https:\/\/hik.cl\/wp-content\/uploads\/2025\/07\/Captura-de-pantalla-2025-07-12-a-las-21.08.57-1024x801.png\" alt=\"\" class=\"wp-image-52 size-full\" srcset=\"https:\/\/hik.cl\/wp-content\/uploads\/2025\/07\/Captura-de-pantalla-2025-07-12-a-las-21.08.57-1024x801.png 1024w, https:\/\/hik.cl\/wp-content\/uploads\/2025\/07\/Captura-de-pantalla-2025-07-12-a-las-21.08.57-300x235.png 300w, https:\/\/hik.cl\/wp-content\/uploads\/2025\/07\/Captura-de-pantalla-2025-07-12-a-las-21.08.57-768x601.png 768w, https:\/\/hik.cl\/wp-content\/uploads\/2025\/07\/Captura-de-pantalla-2025-07-12-a-las-21.08.57-1536x1201.png 1536w, https:\/\/hik.cl\/wp-content\/uploads\/2025\/07\/Captura-de-pantalla-2025-07-12-a-las-21.08.57-2048x1601.png 2048w\" sizes=\"auto, (max-width: 1024px) 100vw, 1024px\" \/><\/figure><\/div>\n<\/div>\n\n\n\n<div class=\"wp-block-group alignfull has-ast-global-color-4-background-color has-background is-layout-constrained wp-container-core-group-is-layout-6a2cfb7b wp-block-group-is-layout-constrained\" id=\"reviews\">\n<figure class=\"wp-block-gallery aligncenter has-nested-images columns-default is-cropped wp-block-gallery-1 is-layout-flex wp-block-gallery-is-layout-flex\">\n<figure class=\"wp-block-image size-full\"><img loading=\"lazy\" decoding=\"async\" width=\"2462\" height=\"1748\" data-id=\"46\" src=\"https:\/\/hik.cl\/wp-content\/uploads\/2025\/07\/IMG_0027.jpeg\" alt=\"\" class=\"wp-image-46\" srcset=\"https:\/\/hik.cl\/wp-content\/uploads\/2025\/07\/IMG_0027.jpeg 2462w, https:\/\/hik.cl\/wp-content\/uploads\/2025\/07\/IMG_0027-300x213.jpeg 300w, https:\/\/hik.cl\/wp-content\/uploads\/2025\/07\/IMG_0027-1024x727.jpeg 1024w, https:\/\/hik.cl\/wp-content\/uploads\/2025\/07\/IMG_0027-768x545.jpeg 768w, https:\/\/hik.cl\/wp-content\/uploads\/2025\/07\/IMG_0027-1536x1091.jpeg 1536w, https:\/\/hik.cl\/wp-content\/uploads\/2025\/07\/IMG_0027-2048x1454.jpeg 2048w\" sizes=\"auto, (max-width: 2462px) 100vw, 2462px\" \/><\/figure>\n<\/figure>\n\n\n\n<p class=\"has-text-align-center\" style=\"font-size:22px;line-height:1.6\">\u201cNuestro compromiso siempre ser\u00e1 el mismo con todos nuestros clientes entregarles soluciones r\u00e1pidas, confiables, profesionales, eficientes y de calidad\u201d<\/p>\n\n\n\n<p class=\"has-text-align-center\">Juan Almonacid Mu\u00f1oz &#8211; Socio Fundador y representante legal C\u00e1maras de seguridad Concepci\u00f3n una Empresa de <a href=\"http:\/\/www.almonacid.cl\">Almonacid Computaci\u00f3n EIRL<\/a><\/p>\n<\/div>\n\n\n\n<div class=\"wp-block-group alignfull is-layout-constrained wp-container-core-group-is-layout-3fee123f wp-block-group-is-layout-constrained\" id=\"whyus\" style=\"padding-top:144px;padding-bottom:144px\">\n<h2 class=\"wp-block-heading\">Porqu\u00e9 elegirnos?<\/h2>\n\n\n\n<div class=\"wp-block-columns is-layout-flex wp-container-core-columns-is-layout-29aadeec wp-block-columns-is-layout-flex\" style=\"margin-top:60px\">\n<div class=\"wp-block-column is-layout-flow wp-container-core-column-is-layout-6b73ce23 wp-block-column-is-layout-flow\">\n<figure class=\"wp-block-image size-large\"><img decoding=\"async\" src=\"https:\/\/hik.cl\/wp-content\/themes\/astra\/inc\/assets\/images\/starter-content\/passionate.svg\" alt=\"\" class=\"wp-image-162\"\/><\/figure>\n\n\n\n<h3 class=\"wp-block-heading\" style=\"margin-top:16px\">Pasi\u00f3n<\/h3>\n\n\n\n<p>En C\u00e1maras de seguridad Concepci\u00f3n nos esforzamos d\u00eda a d\u00eda en entregar un trabajo de excelencia y construir con nuestros clientes una alianza estrat\u00e9gica basada en la confianza y el compromiso.<\/p>\n<\/div>\n\n\n\n<div class=\"wp-block-column is-layout-flow wp-container-core-column-is-layout-6b73ce23 wp-block-column-is-layout-flow\">\n<figure class=\"wp-block-image size-large\"><img decoding=\"async\" src=\"https:\/\/hik.cl\/wp-content\/themes\/astra\/inc\/assets\/images\/starter-content\/professional.svg\" alt=\"\" class=\"wp-image-163\"\/><\/figure>\n\n\n\n<h3 class=\"wp-block-heading\" style=\"margin-top:16px\">Atenci\u00f3n Profesional<\/h3>\n\n\n\n<p>Nuestra trayectoria nos permite brindar soluciones profesionales ajust\u00e1ndonos rigurosamente a las necesidades de nuestros clientes.<\/p>\n<\/div>\n\n\n\n<div class=\"wp-block-column is-layout-flow wp-container-core-column-is-layout-6b73ce23 wp-block-column-is-layout-flow\">\n<figure class=\"wp-block-image size-large\"><img decoding=\"async\" src=\"https:\/\/hik.cl\/wp-content\/themes\/astra\/inc\/assets\/images\/starter-content\/support.svg\" alt=\"\" class=\"wp-image-164\"\/><\/figure>\n\n\n\n<h3 class=\"wp-block-heading\" style=\"margin-top:16px\">Soporte 24\/7<\/h3>\n\n\n\n<p>Nuestro equipo de Soporte est\u00e1 disponible las 24 horas para atender con la mayor rapidez cualquier requerimiento post venta.<\/p>\n<\/div>\n<\/div>\n<\/div>\n\n\n\n<div class=\"wp-block-group alignfull has-background is-layout-constrained wp-container-core-group-is-layout-cfcca693 wp-block-group-is-layout-constrained\" id=\"contact\" style=\"background:linear-gradient(35deg,rgb(6,0,151) 0%,rgb(130,4,255) 64%,rgb(193,15,255) 98%);padding-top:104px;padding-bottom:104px\">\n<h2 class=\"wp-block-heading has-text-align-center has-text-color\" style=\"color:#ffffff\">\u00bfQuieres tomar la mejor decisi\u00f3n el d\u00eda de hoy?<\/h2>\n\n\n\n<div class=\"wp-block-buttons alignwide is-horizontal is-content-justification-center is-layout-flex wp-container-core-buttons-is-layout-bba8380a wp-block-buttons-is-layout-flex\" style=\"margin-top:50px\">\n<div class=\"wp-block-button\"><a class=\"wp-block-button__link wp-element-button\" href=\"https:\/\/wa.me\/56997600086\">Cont\u00e1ctanos<\/a><\/div>\n<\/div>\n<\/div>\n\n\n\n<p><\/p>\n","protected":false},"excerpt":{"rendered":"<p>Empresas y Particulares Instalamos y reparamos el sistema de video vigilancia ideal para tu hogar, parcela o negocio, con la [&hellip;]<\/p>\n","protected":false},"author":1,"featured_media":0,"parent":0,"menu_order":0,"comment_status":"closed","ping_status":"closed","template":"","meta":{"site-sidebar-layout":"no-sidebar","site-content-layout":"plain-container","ast-site-content-layout":"default","site-content-style":"default","site-sidebar-style":"default","ast-global-header-display":"","ast-banner-title-visibility":"","ast-main-header-display":"","ast-hfb-above-header-display":"","ast-hfb-below-header-display":"","ast-hfb-mobile-header-display":"","site-post-title":"disabled","ast-breadcrumbs-content":"","ast-featured-img":"","footer-sml-layout":"","theme-transparent-header-meta":"enabled","adv-header-id-meta":"","stick-header-meta":"","header-above-stick-meta":"","header-main-stick-meta":"","header-below-stick-meta":"","astra-migrate-meta-layouts":"default","ast-page-background-enabled":"default","ast-page-background-meta":{"desktop":{"background-color":"var(--ast-global-color-5)","background-image":"","background-repeat":"repeat","background-position":"center center","background-size":"auto","background-attachment":"scroll","background-type":"","background-media":"","overlay-type":"","overlay-color":"","overlay-opacity":"","overlay-gradient":""},"tablet":{"background-color":"","background-image":"","background-repeat":"repeat","background-position":"center center","background-size":"auto","background-attachment":"scroll","background-type":"","background-media":"","overlay-type":"","overlay-color":"","overlay-opacity":"","overlay-gradient":""},"mobile":{"background-color":"","background-image":"","background-repeat":"repeat","background-position":"center center","background-size":"auto","background-attachment":"scroll","background-type":"","background-media":"","overlay-type":"","overlay-color":"","overlay-opacity":"","overlay-gradient":""}},"ast-content-background-meta":{"desktop":{"background-color":"var(--ast-global-color-4)","background-image":"","background-repeat":"repeat","background-position":"center center","background-size":"auto","background-attachment":"scroll","background-type":"","background-media":"","overlay-type":"","overlay-color":"","overlay-opacity":"","overlay-gradient":""},"tablet":{"background-color":"var(--ast-global-color-4)","background-image":"","background-repeat":"repeat","background-position":"center center","background-size":"auto","background-attachment":"scroll","background-type":"","background-media":"","overlay-type":"","overlay-color":"","overlay-opacity":"","overlay-gradient":""},"mobile":{"background-color":"var(--ast-global-color-4)","background-image":"","background-repeat":"repeat","background-position":"center center","background-size":"auto","background-attachment":"scroll","background-type":"","background-media":"","overlay-type":"","overlay-color":"","overlay-opacity":"","overlay-gradient":""}},"footnotes":""},"class_list":["post-8","page","type-page","status-publish","hentry"],"_links":{"self":[{"href":"https:\/\/hik.cl\/index.php\/wp-json\/wp\/v2\/pages\/8","targetHints":{"allow":["GET"]}}],"collection":[{"href":"https:\/\/hik.cl\/index.php\/wp-json\/wp\/v2\/pages"}],"about":[{"href":"https:\/\/hik.cl\/index.php\/wp-json\/wp\/v2\/types\/page"}],"author":[{"embeddable":true,"href":"https:\/\/hik.cl\/index.php\/wp-json\/wp\/v2\/users\/1"}],"replies":[{"embeddable":true,"href":"https:\/\/hik.cl\/index.php\/wp-json\/wp\/v2\/comments?post=8"}],"version-history":[{"count":21,"href":"https:\/\/hik.cl\/index.php\/wp-json\/wp\/v2\/pages\/8\/revisions"}],"predecessor-version":[{"id":68,"href":"https:\/\/hik.cl\/index.php\/wp-json\/wp\/v2\/pages\/8\/revisions\/68"}],"wp:attachment":[{"href":"https:\/\/hik.cl\/index.php\/wp-json\/wp\/v2\/media?parent=8"}],"curies":[{"name":"wp","href":"https:\/\/api.w.org\/{rel}","templated":true}]}}